{"id":101,"date":"2022-10-06T14:13:22","date_gmt":"2022-10-06T11:13:22","guid":{"rendered":"https:\/\/www.aksgrup.com.tr\/?page_id=101"},"modified":"2022-10-06T14:46:16","modified_gmt":"2022-10-06T11:46:16","slug":"cerez-politikasi","status":"publish","type":"page","link":"https:\/\/www.aksgrup.com.tr\/index.php\/cerez-politikasi\/","title":{"rendered":"\u00c7erez Politikas\u0131"},"content":{"rendered":"\n<hr class=\"wp-block-separator has-alpha-channel-opacity\"\/>\n\n\n\n<p class=\"has-text-align-center\"><strong>AKS GRUP ELEKTR\u0130K ENERJ\u0130 TOPTAN ALI\u015e VE SATI\u015e L\u0130M\u0130TED \u015e\u0130RKET\u0130<\/strong><\/p>\n\n\n\n<p class=\"has-text-align-center\"><strong>\u00c7EREZ POL\u0130T\u0130KASI<\/strong><\/p>\n\n\n\n<p>\u0130\u015f bu \u00c7erez Politikas\u0131; AKS Grup Elektrik Enerji Toptan Al\u0131\u015f ve Sat\u0131\u015f Limited \u015eirketi (AKS GRUP) taraf\u0131ndan y\u00fcr\u00fct\u00fclen web sitesinde kullan\u0131lan \u00e7erezler ve bu \u00e7erezler vas\u0131tas\u0131yla i\u015flenen ki\u015fisel veriler hakk\u0131nda a\u00e7\u0131klamalar ihtiva etmektedir.<\/p>\n\n\n\n<p><strong>\u00c7erez Nedir?<\/strong><\/p>\n\n\n\n<p>\u00c7erez, bir web sitesinin taray\u0131c\u0131n\u0131zdan; bilgisayar\u0131n\u0131zda veya mobil cihaz\u0131n\u0131zda saklamas\u0131n\u0131 istedi\u011fi k\u00fc\u00e7\u00fck bir veri par\u00e7as\u0131d\u0131r. \u00c7erez \u00e7evrimi\u00e7i deneyiminizin ki\u015fiselle\u015fmesini sa\u011flamaktad\u0131r.<\/p>\n\n\n\n<p>\u00c7erezler hakk\u0131nda daha ayr\u0131nt\u0131l\u0131 bilgi edinmek i\u00e7in&nbsp;<a href=\"http:\/\/www.allaboutcookies.org\/\">www.allaboutcookies.org<\/a>&nbsp;sitesi ziyaret edilebilir.<\/p>\n\n\n\n<p><strong>Neden \u00c7erez Kullan\u0131l\u0131r?<\/strong><\/p>\n\n\n\n<p>AKS GRUP internet sitesinde a\u015fa\u011f\u0131da belirtilen ama\u00e7larla \u00e7erez kullanabilir:<\/p>\n\n\n\n<ul class=\"wp-block-list\"><li>\u0130nternet sitemizdeki \u00e7evrimi\u00e7i kullan\u0131c\u0131 deneyiminin sa\u011flanmas\u0131, kolayla\u015ft\u0131r\u0131lmas\u0131, i\u015flevselli\u011finin ve performans\u0131n\u0131n artt\u0131r\u0131lmas\u0131,<\/li><li>Daha iyi bir \u00e7evrimi\u00e7i deneyim sa\u011flanmas\u0131,<\/li><li>\u0130nternet sitesinin iyile\u015ftirilmesi ve daha etkin hale getirilmesi ya da kurumsal tan\u0131t\u0131m ama\u00e7l\u0131 kullan\u0131lacak anonim kullan\u0131c\u0131 deneyimine dayal\u0131 analizlerin elde edilmesi,<\/li><li>AKS GRUP\u2019un hukuki ve ticari g\u00fcvenlik \u00f6nlemlerini almas\u0131.<\/li><\/ul>\n\n\n\n<p><strong>Hangi T\u00fcr \u00c7erezler Kullan\u0131l\u0131r?<\/strong><\/p>\n\n\n\n<p><strong>Oturum \u00c7erezleri:<\/strong>&nbsp;\u0130nternet sitesini kullan\u0131m s\u0131ras\u0131nda ge\u00e7erli olan \u00e7erezler olup web taray\u0131c\u0131 kapat\u0131l\u0131ncaya kadar ge\u00e7erliliklerini korur.<\/p>\n\n\n\n<p><strong>Kal\u0131c\u0131 \u00c7erezler:<\/strong>&nbsp;Bu \u00e7erezler taray\u0131c\u0131da saklanan ve ilgili ki\u015fi taraf\u0131ndan silininceye kadar veya son kullan\u0131m tarihine kadar ge\u00e7erlili\u011fini koruyan \u00e7erezlerdir.<\/p>\n\n\n\n<p><strong>Zorunlu \u00c7erezler:<\/strong>&nbsp;\u0130nternet sitesinin d\u00fczg\u00fcn bir \u015fekilde \u00e7al\u0131\u015fabilmesi ve kullan\u0131c\u0131lar\u0131n sitede sunulan hizmetlerden ve gezinme \u00f6zelliklerinden yararlanmalar\u0131 i\u00e7in tutulmalar\u0131 mecburi \u00e7erezlerdir.<\/p>\n\n\n\n<p><strong>\u0130\u015flevsel ve Analitik \u00c7erezler:<\/strong>&nbsp;Dil, b\u00f6lge gibi tercihlerinizin hat\u0131rlanmas\u0131, internet sitesinin kullan\u0131m\u0131n\u0131n geli\u015ftirilmesi, sitenin ilgili ki\u015finin isteklerine cevap verecek \u015fekilde optimize edilmesi gibi ama\u00e7larla kullan\u0131lan ve siteyi nas\u0131l kulland\u0131\u011f\u0131n\u0131z hakk\u0131nda verileri i\u00e7eren \u00e7erezlerdir.<\/p>\n\n\n\n<p><strong>\u0130lgili Ki\u015fi \u00c7erezleri Nas\u0131l Y\u00f6netebilir?<\/strong><\/p>\n\n\n\n<p>Bir\u00e7ok web taray\u0131c\u0131s\u0131, \u00e7erezleri otomatik olarak kabul etmeye ayarl\u0131d\u0131r. Ancak taray\u0131c\u0131 \u00e7erezleri t\u00fcm siteler veya belirli siteler i\u00e7in engelleyecek \u015fekilde, \u00e7erez olu\u015fturuldu\u011funda uyar\u0131 verecek \u015fekilde, \u00fc\u00e7\u00fcnc\u00fc taraf \u00e7erezleri engelleyecek \u015fekilde veya t\u00fcm \u00e7erezleri oturum \u00e7erezi gibi sayacak \u015fekilde yap\u0131land\u0131r\u0131labilir. Taray\u0131c\u0131n\u0131n \u00e7erez ayarlar\u0131 hakk\u0131nda detayl\u0131 bilgi edinmek ve ayarlar\u0131 de\u011fi\u015ftirmek i\u00e7in a\u015fa\u011f\u0131daki linklerden faydalan\u0131labilir.<\/p>\n\n\n\n<p><strong>Google Chrome :<\/strong><br><a href=\"https:\/\/support.google.com\/chrome\/answer\/95647?co=GENIE.Platform%3DDesktop&amp;hl=tr\">https:\/\/support.google.com\/chrome\/answer\/95647?co=GENIE.Platform%3DDesktop&amp;hl=tr<\/a><\/p>\n\n\n\n<p><strong>Internet Explorer :<\/strong><br><a href=\"https:\/\/support.microsoft.com\/tr-tr\/help\/17442\/windows-internet-explorer-delete-manage-cookies\">https:\/\/support.microsoft.com\/tr-tr\/help\/17442\/windows-internet-explorer-delete-manage-cookies<\/a><\/p>\n\n\n\n<p><strong>Mozilla Firefox :<\/strong><br><a href=\"https:\/\/support.mozilla.org\/tr\/kb\/cerezleri-silme-web-sitelerinin-bilgilerini-kaldirma\">https:\/\/support.mozilla.org\/tr\/kb\/cerezleri-silme-web-sitelerinin-bilgilerini-kaldirma<\/a><\/p>\n\n\n\n<p><strong>Yandex :<\/strong><br><a href=\"https:\/\/yandex.com.tr\/support\/browser-classic\/personal-data-protection\/cookies.xml\">https:\/\/yandex.com.tr\/support\/browser-classic\/personal-data-protection\/cookies.xml<\/a><\/p>\n\n\n\n<p><strong>Safari :<\/strong><br><a href=\"https:\/\/support.apple.com\/kb\/PH21411?locale=tr_TR\">https:\/\/support.apple.com\/kb\/PH21411?locale=tr_TR<\/a><\/p>\n\n\n\n<p>\u0130lgili ki\u015fi \u00e7erezlerini ki\u015fiselle\u015ftirerek y\u00f6netebilir. Bunun i\u00e7in kullanabilecek y\u00f6ntem ve linkler a\u015fa\u011f\u0131da yer almaktad\u0131r.<\/p>\n\n\n\n<ul class=\"wp-block-list\"><li>E\u011fer Siteyi g\u00f6r\u00fcnt\u00fclemek i\u00e7in kullan\u0131lan taray\u0131c\u0131 imkan tan\u0131yorsa taray\u0131c\u0131n\u0131n ayarlar\u0131n\u0131 kullanarak \u00e7erez kullan\u0131m\u0131 \u00f6zelle\u015ftirebilir.<\/li><li>\u0130lgili ki\u015fi Google Analytics\u2019in verileri toplamas\u0131n\u0131 istemiyorsa&nbsp;<a href=\"https:\/\/tools.google.com\/dlpage\/gaoptout\">Google Analytics Kapsam\u0131 D\u0131\u015f\u0131nda Kalma Taray\u0131c\u0131 Eklentisini<\/a>&nbsp;(<a href=\"https:\/\/tools.google.com\/dlpage\/gaoptout\">https:\/\/tools.google.com\/dlpage\/gaoptout<\/a>)<\/li><li>\u0130lgili ki\u015fi Google reklam Google Reklam Ki\u015fiselle\u015ftirme (<a href=\"https:\/\/adssettings.google.com\/authenticated\">https:\/\/adssettings.google.com\/authenticated<\/a>) se\u00e7eneklerini d\u00fczenleyerek \u00f6zelle\u015ftirebilir.<\/li><li>\u0130lgili ki\u015fi \u00c7erezleri mobil cihaz\u0131nda y\u00f6netmek i\u00e7in mobil cihaz\u0131n\u0131 \u00e7erez ayarlar\u0131n\u0131 \u00f6zelle\u015ftirebilir.<\/li><\/ul>\n\n\n\n<p>Bu bilgiler \u0131\u015f\u0131\u011f\u0131nda AKS GRUP; internet sitesi kullan\u0131c\u0131lar\u0131n\u0131n, siteyi kullan\u0131rken ki\u015fisel olarak belirledikleri d\u00fczeyde \u00e7erezlerin kullan\u0131lmas\u0131na r\u0131za verdiklerini kabul etmektedir.<\/p>\n","protected":false},"excerpt":{"rendered":"<p>AKS GRUP ELEKTR\u0130K ENERJ\u0130 TOPTAN ALI\u015e VE SATI\u015e L\u0130M\u0130TED \u015e\u0130RKET\u0130 \u00c7EREZ POL\u0130T\u0130KASI \u0130\u015f bu \u00c7erez Politikas\u0131; AKS Grup Elektrik Enerji Toptan Al\u0131\u015f ve Sat\u0131\u015f Limited \u015eirketi (AKS GRUP) taraf\u0131ndan y\u00fcr\u00fct\u00fclen web sitesinde kullan\u0131lan \u00e7erezler ve bu \u00e7erezler vas\u0131tas\u0131yla i\u015flenen ki\u015fisel veriler hakk\u0131nda a\u00e7\u0131klamalar ihtiva etmektedir. \u00c7erez Nedir? \u00c7erez, bir web sitesinin taray\u0131c\u0131n\u0131zdan; bilgisayar\u0131n\u0131zda veya mobil&hellip;&nbsp;<a href=\"https:\/\/www.aksgrup.com.tr\/index.php\/cerez-politikasi\/\" class=\"\" rel=\"bookmark\">Daha fazlas\u0131n\u0131 oku &raquo;<span class=\"screen-reader-text\">\u00c7erez Politikas\u0131<\/span><\/a><\/p>\n","protected":false},"author":1,"featured_media":0,"parent":0,"menu_order":0,"comment_status":"closed","ping_status":"closed","template":"","meta":{"neve_meta_sidebar":"","neve_meta_container":"","neve_meta_enable_content_width":"","neve_meta_content_width":0,"neve_meta_title_alignment":"","neve_meta_author_avatar":"","neve_post_elements_order":"","neve_meta_disable_header":"","neve_meta_disable_footer":"on","neve_meta_disable_title":"on","footnotes":""},"class_list":["post-101","page","type-page","status-publish","hentry"],"_links":{"self":[{"href":"https:\/\/www.aksgrup.com.tr\/index.php\/wp-json\/wp\/v2\/pages\/101","targetHints":{"allow":["GET"]}}],"collection":[{"href":"https:\/\/www.aksgrup.com.tr\/index.php\/wp-json\/wp\/v2\/pages"}],"about":[{"href":"https:\/\/www.aksgrup.com.tr\/index.php\/wp-json\/wp\/v2\/types\/page"}],"author":[{"embeddable":true,"href":"https:\/\/www.aksgrup.com.tr\/index.php\/wp-json\/wp\/v2\/users\/1"}],"replies":[{"embeddable":true,"href":"https:\/\/www.aksgrup.com.tr\/index.php\/wp-json\/wp\/v2\/comments?post=101"}],"version-history":[{"count":2,"href":"https:\/\/www.aksgrup.com.tr\/index.php\/wp-json\/wp\/v2\/pages\/101\/revisions"}],"predecessor-version":[{"id":138,"href":"https:\/\/www.aksgrup.com.tr\/index.php\/wp-json\/wp\/v2\/pages\/101\/revisions\/138"}],"wp:attachment":[{"href":"https:\/\/www.aksgrup.com.tr\/index.php\/wp-json\/wp\/v2\/media?parent=101"}],"curies":[{"name":"wp","href":"https:\/\/api.w.org\/{rel}","templated":true}]}}