{"id":105,"date":"2022-10-06T14:15:09","date_gmt":"2022-10-06T11:15:09","guid":{"rendered":"https:\/\/www.aksgrup.com.tr\/?page_id=105"},"modified":"2022-10-06T14:37:54","modified_gmt":"2022-10-06T11:37:54","slug":"grup-sirketler","status":"publish","type":"page","link":"https:\/\/www.aksgrup.com.tr\/index.php\/grup-sirketler\/","title":{"rendered":"Grup \u015eirketler"},"content":{"rendered":"\n<hr class=\"wp-block-separator has-alpha-channel-opacity\"\/>\n\n\n\n<p><strong>19 MAYIS ENERJ\u0130 SANTRAL\u0130 ELEKTR\u0130K \u00dcRET\u0130M T\u0130CARET SANAY\u0130 LTD.\u015eT\u0130.<\/strong><br>\u0130lkbahar Mah. 608. Sk. No:9 \u00c7ANKAYA<br>Ankara \/ T\u00dcRK\u0130YE<br>Tel: +90 312 229 27 00 \u2013 Faks: +90 312 229 42 90<\/p>\n\n\n\n<p><strong>SARGIN ULUSLARARASI \u0130N\u015eAAT T\u0130CARET ve TAAHH\u00dcT A.\u015e.<\/strong><br>\u0130lkbahar Mah. 608. Sk. No:9 \u00c7ANKAYA<br>Ankara \/ T\u00dcRK\u0130YE<br>Tel: +90 312 229 27 00 \u2013 Faks: +90 312 229 42 90<\/p>\n\n\n\n<p><strong>SARGIN AL\u00c7I FABR\u0130KASI<\/strong><br>E90 Karayolu \u00dczeri 5. Km \u015eerefliko\u00e7hisar<br>Ankara \/ T\u00dcRK\u0130YE<br>Tel: +90 312 687 81 10 \/ 687 63 25 \u2013 Faks: +90 312 687 63 26<\/p>\n\n\n\n<p><strong>A3 YAPI T\u0130CARET VE TUR\u0130ZM LTD. \u015eT\u0130.<\/strong><br>S\u00fcmer Sok. No:16\/2 K\u0131z\u0131lay 06440<br>Ankara \/ T\u00dcRK\u0130YE<br>Tel: +90 312 229 97 76<\/p>\n\n\n\n<p><strong>SAREN SARGIN ENERJ\u0130 YATIRIMLARI \u00dcRET\u0130M SAN. VE T\u0130C. A.\u015e.<\/strong><br>\u0130lkbahar Mah. Galip Erdem Cad. 608. Sk. No: 9\/1<br>Tel: 0312 491 52 21 \u2013 Faks: 0312 229 42 90<\/p>\n","protected":false},"excerpt":{"rendered":"<p>19 MAYIS ENERJ\u0130 SANTRAL\u0130 ELEKTR\u0130K \u00dcRET\u0130M T\u0130CARET SANAY\u0130 LTD.\u015eT\u0130.\u0130lkbahar Mah. 608. Sk. No:9 \u00c7ANKAYAAnkara \/ T\u00dcRK\u0130YETel: +90 312 229 27 00 \u2013 Faks: +90 312 229 42 90 SARGIN ULUSLARARASI \u0130N\u015eAAT T\u0130CARET ve TAAHH\u00dcT A.\u015e.\u0130lkbahar Mah. 608. Sk. No:9 \u00c7ANKAYAAnkara \/ T\u00dcRK\u0130YETel: +90 312 229 27 00 \u2013 Faks: +90 312 229 42 90 SARGIN&hellip;&nbsp;<a href=\"https:\/\/www.aksgrup.com.tr\/index.php\/grup-sirketler\/\" class=\"\" rel=\"bookmark\">Daha fazlas\u0131n\u0131 oku &raquo;<span class=\"screen-reader-text\">Grup \u015eirketler<\/span><\/a><\/p>\n","protected":false},"author":1,"featured_media":0,"parent":0,"menu_order":0,"comment_status":"closed","ping_status":"closed","template":"","meta":{"neve_meta_sidebar":"","neve_meta_container":"","neve_meta_enable_content_width":"","neve_meta_content_width":0,"neve_meta_title_alignment":"","neve_meta_author_avatar":"","neve_post_elements_order":"","neve_meta_disable_header":"","neve_meta_disable_footer":"on","neve_meta_disable_title":"on","footnotes":""},"class_list":["post-105","page","type-page","status-publish","hentry"],"_links":{"self":[{"href":"https:\/\/www.aksgrup.com.tr\/index.php\/wp-json\/wp\/v2\/pages\/105","targetHints":{"allow":["GET"]}}],"collection":[{"href":"https:\/\/www.aksgrup.com.tr\/index.php\/wp-json\/wp\/v2\/pages"}],"about":[{"href":"https:\/\/www.aksgrup.com.tr\/index.php\/wp-json\/wp\/v2\/types\/page"}],"author":[{"embeddable":true,"href":"https:\/\/www.aksgrup.com.tr\/index.php\/wp-json\/wp\/v2\/users\/1"}],"replies":[{"embeddable":true,"href":"https:\/\/www.aksgrup.com.tr\/index.php\/wp-json\/wp\/v2\/comments?post=105"}],"version-history":[{"count":3,"href":"https:\/\/www.aksgrup.com.tr\/index.php\/wp-json\/wp\/v2\/pages\/105\/revisions"}],"predecessor-version":[{"id":133,"href":"https:\/\/www.aksgrup.com.tr\/index.php\/wp-json\/wp\/v2\/pages\/105\/revisions\/133"}],"wp:attachment":[{"href":"https:\/\/www.aksgrup.com.tr\/index.php\/wp-json\/wp\/v2\/media?parent=105"}],"curies":[{"name":"wp","href":"https:\/\/api.w.org\/{rel}","templated":true}]}}