{"id":107,"date":"2022-10-06T14:19:39","date_gmt":"2022-10-06T11:19:39","guid":{"rendered":"https:\/\/www.aksgrup.com.tr\/?page_id=107"},"modified":"2022-10-06T14:40:15","modified_gmt":"2022-10-06T11:40:15","slug":"sikayet-verileri","status":"publish","type":"page","link":"https:\/\/www.aksgrup.com.tr\/index.php\/sikayet-verileri\/","title":{"rendered":"\u015eikayet Verileri"},"content":{"rendered":"\n<figure class=\"wp-block-table\"><table><tbody><tr><td>2022 OCAK &#8211; 2022 A\u011eUSTOS<\/td><td>\u015e\u0130KAYET ALINMAMI\u015eTIR<\/td><\/tr><tr><td>2021 OCAK -2021  ARALIK<\/td><td>\u015e\u0130KAYET ALINMAMI\u015eTIR<\/td><\/tr><tr><td>2020 OCAK &#8211; 2020 ARALIK<\/td><td>\u015e\u0130KAYET ALINMAMI\u015eTIR<\/td><\/tr><tr><td>2019 OCAK &#8211; 2019 ARALIK<\/td><td>\u015e\u0130KAYET ALINMAMI\u015eTIR<\/td><\/tr><tr><td>2018 HAZ\u0130RAN &#8211; 2018 ARALIK<\/td><td>\u015e\u0130KAYET ALINMAMI\u015eTIR<\/td><\/tr><tr><\/tr><\/tbody><\/table><\/figure>\n","protected":false},"excerpt":{"rendered":"<p>2022 OCAK &#8211; 2022 A\u011eUSTOS \u015e\u0130KAYET ALINMAMI\u015eTIR 2021 OCAK -2021 ARALIK \u015e\u0130KAYET ALINMAMI\u015eTIR 2020 OCAK &#8211; 2020 ARALIK \u015e\u0130KAYET ALINMAMI\u015eTIR 2019 OCAK &#8211; 2019 ARALIK \u015e\u0130KAYET ALINMAMI\u015eTIR 2018 HAZ\u0130RAN &#8211; 2018 ARALIK \u015e\u0130KAYET ALINMAMI\u015eTIR<\/p>\n","protected":false},"author":1,"featured_media":0,"parent":0,"menu_order":0,"comment_status":"closed","ping_status":"closed","template":"","meta":{"neve_meta_sidebar":"","neve_meta_container":"","neve_meta_enable_content_width":"","neve_meta_content_width":0,"neve_meta_title_alignment":"","neve_meta_author_avatar":"","neve_post_elements_order":"","neve_meta_disable_header":"","neve_meta_disable_footer":"on","neve_meta_disable_title":"","footnotes":""},"class_list":["post-107","page","type-page","status-publish","hentry"],"_links":{"self":[{"href":"https:\/\/www.aksgrup.com.tr\/index.php\/wp-json\/wp\/v2\/pages\/107","targetHints":{"allow":["GET"]}}],"collection":[{"href":"https:\/\/www.aksgrup.com.tr\/index.php\/wp-json\/wp\/v2\/pages"}],"about":[{"href":"https:\/\/www.aksgrup.com.tr\/index.php\/wp-json\/wp\/v2\/types\/page"}],"author":[{"embeddable":true,"href":"https:\/\/www.aksgrup.com.tr\/index.php\/wp-json\/wp\/v2\/users\/1"}],"replies":[{"embeddable":true,"href":"https:\/\/www.aksgrup.com.tr\/index.php\/wp-json\/wp\/v2\/comments?post=107"}],"version-history":[{"count":1,"href":"https:\/\/www.aksgrup.com.tr\/index.php\/wp-json\/wp\/v2\/pages\/107\/revisions"}],"predecessor-version":[{"id":108,"href":"https:\/\/www.aksgrup.com.tr\/index.php\/wp-json\/wp\/v2\/pages\/107\/revisions\/108"}],"wp:attachment":[{"href":"https:\/\/www.aksgrup.com.tr\/index.php\/wp-json\/wp\/v2\/media?parent=107"}],"curies":[{"name":"wp","href":"https:\/\/api.w.org\/{rel}","templated":true}]}}