{"id":109,"date":"2022-10-06T14:21:47","date_gmt":"2022-10-06T11:21:47","guid":{"rendered":"https:\/\/www.aksgrup.com.tr\/?page_id=109"},"modified":"2022-10-06T14:54:15","modified_gmt":"2022-10-06T11:54:15","slug":"merak-ettikleriniz","status":"publish","type":"page","link":"https:\/\/www.aksgrup.com.tr\/index.php\/merak-ettikleriniz\/","title":{"rendered":"Merak Ettikleriniz"},"content":{"rendered":"\n<p class=\"has-text-color has-medium-font-size\" style=\"color:#f80101\"><strong>TEDA\u015e d\u0131\u015f\u0131nda elektrik tedariki m\u00fcmk\u00fcn m\u00fc?<\/strong><\/p>\n\n\n\n<p>Elektrik enerjinizi ( Ticarethane, Sanayi Kurulu\u015flar\u0131, Meskenler ve Di\u011fer T\u00fcketiciler ) AKS GRUP\u2019tan temin edebilirsiniz.<\/p>\n\n\n\n<p class=\"has-text-color has-medium-font-size\" style=\"color:#fa0505\"><strong>AKS GRUP\u2019tan elektrik sat\u0131n al\u0131rsam kazanc\u0131m ne olacak?<\/strong><\/p>\n\n\n\n<p>AKS GRUP uzmanlar\u0131, tarife grubunuza ve g\u00fcn i\u00e7indeki t\u00fcketim yap\u0131n\u0131za g\u00f6re analiz yapacak ve TEDA\u015e tarifesi \u00fczerinden indirim teklifini sizlere iletecektir.<br>B\u00f6ylece \u015fu anda kulland\u0131\u011f\u0131n\u0131z elektrikte hi\u00e7bir de\u011fi\u015fiklik olmadan daha az fatura \u00f6deyebilirsiniz.<\/p>\n\n\n\n<p class=\"has-text-color has-medium-font-size\" style=\"color:#fa0101\"><strong>AKS GRUP\u2019tan elektrik almaya ba\u015flamak i\u00e7in teknik olarak (hat, trafo, saya\u00e7 vb..) bir de\u011fi\u015fiklik yap\u0131lmas\u0131na gerek var m\u0131?<\/strong><\/p>\n\n\n\n<p>E\u011fer sayac\u0131n\u0131z mekanik ise, mevzuat gere\u011fi serbest t\u00fcketici olabilmeniz i\u00e7in de\u011fi\u015ftirmeniz gerekmektedir.<\/p>\n\n\n\n<p class=\"has-text-color has-medium-font-size\" style=\"color:#f70202\"><strong>AKS GRUP\u2019tan ald\u0131\u011f\u0131m elektri\u011fin kalitesinde herhangi bir de\u011fi\u015fiklik olacak m\u0131?<\/strong><\/p>\n\n\n\n<p>Elektrik kalitesinde hi\u00e7bir de\u011fi\u015fiklik olmadan \u00e7al\u0131\u015fmalar\u0131n\u0131za kesintisiz bir \u015fekilde devam edebilirsiniz.<\/p>\n\n\n\n<p class=\"has-text-color has-medium-font-size\" style=\"color:#fc0000\"><strong>Bu s\u00fcrecin maliyeti ne olabilir?<\/strong><\/p>\n\n\n\n<p>Elektrik ihtiyac\u0131n\u0131z\u0131 AKS GRUP\u2019tan sa\u011flamaya ba\u015flaman\u0131z\u0131n size getirece\u011fi ek maliyet bulunmamaktad\u0131r.<\/p>\n\n\n\n<p class=\"has-text-color has-medium-font-size\" style=\"color:#fa0000\"><strong>Sayac\u0131ma herhangi bir cihaz tak\u0131lacak m\u0131?<\/strong><\/p>\n\n\n\n<p>\u0130ndirimli elektrik kullanmak i\u00e7in sayac\u0131n\u0131za herhangi bir cihaz ba\u011flanmayacakt\u0131r. Mevcut altyap\u0131n\u0131zla elektrik kullanmaya devam edeceksiniz.<\/p>\n\n\n\n<p class=\"has-text-color has-medium-font-size\" style=\"color:#f80101\"><strong>T\u00fcrkiye\u2019nin her yerine elektrik sat\u0131\u015f\u0131 yapabiliyor musunuz?<\/strong><\/p>\n\n\n\n<p>TEDA\u015e\u2019\u0131n da\u011f\u0131t\u0131m sistemini kullanarak elektrik sat\u0131\u015f\u0131 yapt\u0131\u011f\u0131m\u0131z i\u00e7in T\u00fcrkiye\u2019nin her yerinde elektrik sat\u0131\u015f\u0131 yapabiliyoruz.<\/p>\n","protected":false},"excerpt":{"rendered":"<p>TEDA\u015e d\u0131\u015f\u0131nda elektrik tedariki m\u00fcmk\u00fcn m\u00fc? Elektrik enerjinizi ( Ticarethane, Sanayi Kurulu\u015flar\u0131, Meskenler ve Di\u011fer T\u00fcketiciler ) AKS GRUP\u2019tan temin edebilirsiniz. AKS GRUP\u2019tan elektrik sat\u0131n al\u0131rsam kazanc\u0131m ne olacak? AKS GRUP uzmanlar\u0131, tarife grubunuza ve g\u00fcn i\u00e7indeki t\u00fcketim yap\u0131n\u0131za g\u00f6re analiz yapacak ve TEDA\u015e tarifesi \u00fczerinden indirim teklifini sizlere iletecektir.B\u00f6ylece \u015fu anda kulland\u0131\u011f\u0131n\u0131z elektrikte hi\u00e7bir&hellip;&nbsp;<a href=\"https:\/\/www.aksgrup.com.tr\/index.php\/merak-ettikleriniz\/\" class=\"\" rel=\"bookmark\">Daha fazlas\u0131n\u0131 oku &raquo;<span class=\"screen-reader-text\">Merak Ettikleriniz<\/span><\/a><\/p>\n","protected":false},"author":1,"featured_media":0,"parent":0,"menu_order":0,"comment_status":"closed","ping_status":"closed","template":"","meta":{"neve_meta_sidebar":"","neve_meta_container":"","neve_meta_enable_content_width":"","neve_meta_content_width":0,"neve_meta_title_alignment":"","neve_meta_author_avatar":"","neve_post_elements_order":"","neve_meta_disable_header":"","neve_meta_disable_footer":"on","neve_meta_disable_title":"","footnotes":""},"class_list":["post-109","page","type-page","status-publish","hentry"],"_links":{"self":[{"href":"https:\/\/www.aksgrup.com.tr\/index.php\/wp-json\/wp\/v2\/pages\/109","targetHints":{"allow":["GET"]}}],"collection":[{"href":"https:\/\/www.aksgrup.com.tr\/index.php\/wp-json\/wp\/v2\/pages"}],"about":[{"href":"https:\/\/www.aksgrup.com.tr\/index.php\/wp-json\/wp\/v2\/types\/page"}],"author":[{"embeddable":true,"href":"https:\/\/www.aksgrup.com.tr\/index.php\/wp-json\/wp\/v2\/users\/1"}],"replies":[{"embeddable":true,"href":"https:\/\/www.aksgrup.com.tr\/index.php\/wp-json\/wp\/v2\/comments?post=109"}],"version-history":[{"count":3,"href":"https:\/\/www.aksgrup.com.tr\/index.php\/wp-json\/wp\/v2\/pages\/109\/revisions"}],"predecessor-version":[{"id":114,"href":"https:\/\/www.aksgrup.com.tr\/index.php\/wp-json\/wp\/v2\/pages\/109\/revisions\/114"}],"wp:attachment":[{"href":"https:\/\/www.aksgrup.com.tr\/index.php\/wp-json\/wp\/v2\/media?parent=109"}],"curies":[{"name":"wp","href":"https:\/\/api.w.org\/{rel}","templated":true}]}}