{"id":128,"date":"2022-10-06T14:33:38","date_gmt":"2022-10-06T11:33:38","guid":{"rendered":"https:\/\/www.aksgrup.com.tr\/?page_id=128"},"modified":"2022-10-06T15:19:04","modified_gmt":"2022-10-06T12:19:04","slug":"bayimiz-olun","status":"publish","type":"page","link":"https:\/\/www.aksgrup.com.tr\/index.php\/bayimiz-olun\/","title":{"rendered":"Bayimiz Olun"},"content":{"rendered":"\n<p>T\u00fcrkiye genelinde, Serbest T\u00fcketici limitini a\u015fm\u0131\u015f y\u0131ll\u0131k t\u00fcketimi en az 2.400 kW olan t\u00fcketicilere indirimli elektrik sat\u0131\u015f\u0131n\u0131n ger\u00e7ekle\u015ftirilebilmesi i\u00e7in il baz\u0131nda ya da b\u00f6lgesel bayilikler verilecektir.<\/p>\n\n\n\n<p>Potansiyel m\u00fc\u015fteri hedefleri aras\u0131nda Ticarethane, Sanayi, Mesken gibi her t\u00fcrl\u00fc abone grubu bulunmaktad\u0131r.<\/p>\n\n\n\n<p>Bayilerimizden beklentilerimiz;<\/p>\n\n\n\n<ul class=\"wp-block-list\"><li>B\u00f6lgesel sat\u0131\u015f alanlar\u0131 i\u00e7inde m\u00fc\u015fteri \u00e7al\u0131\u015fmas\u0131 yaparak aktif bir \u015fekilde sahada g\u00f6rev almas\u0131,<\/li><li>M\u00fc\u015fterilerle yap\u0131lan g\u00f6r\u00fc\u015fmeler sonras\u0131nda yap\u0131lan ziyaretlerle ilgili rapor haz\u0131rlayarak ilgili ki\u015fiye d\u00fczenli bilgi vermesi.<\/li><\/ul>\n\n\n\n<p>Taraf\u0131m\u0131zca bayilere sa\u011flanacak olanaklar ise;<\/p>\n\n\n\n<ul class=\"wp-block-list\"><li>Gerekli g\u00f6r\u00fclen e\u011fitimlerin sa\u011flanmas\u0131,<\/li><li>Her t\u00fcrl\u00fc katalog, tan\u0131t\u0131m kart\u0131 temin edilecektir.<\/li><\/ul>\n\n\n\n<p>Bayimiz olmak i\u00e7in&nbsp;<strong>bayilik@aksgrup.com.tr<\/strong>&nbsp;adresinden ileti\u015fim kurabilir veya a\u015fa\u011f\u0131daki form arac\u0131l\u0131\u011f\u0131yla bize ula\u015fabilirsiniz.<\/p>\n\n\n\n<div class=\"wpcf7 no-js\" id=\"wpcf7-f158-o1\" lang=\"tr-TR\" dir=\"ltr\" data-wpcf7-id=\"158\">\n<div class=\"screen-reader-response\"><p role=\"status\" aria-live=\"polite\" aria-atomic=\"true\"><\/p> <ul><\/ul><\/div>\n<form action=\"\/index.php\/wp-json\/wp\/v2\/pages\/128#wpcf7-f158-o1\" method=\"post\" class=\"wpcf7-form init\" aria-label=\"\u0130leti\u015fim Formu\" novalidate=\"novalidate\" data-status=\"init\">\n<div style=\"display: none;\">\n<input type=\"hidden\" name=\"_wpcf7\" value=\"158\" \/>\n<input type=\"hidden\" name=\"_wpcf7_version\" value=\"6.0.6\" \/>\n<input type=\"hidden\" name=\"_wpcf7_locale\" value=\"tr_TR\" \/>\n<input type=\"hidden\" name=\"_wpcf7_unit_tag\" value=\"wpcf7-f158-o1\" \/>\n<input type=\"hidden\" name=\"_wpcf7_container_post\" value=\"0\" \/>\n<input type=\"hidden\" name=\"_wpcf7_posted_data_hash\" value=\"\" \/>\n<\/div>\n<p>ADINIZ\n<\/p>\n<p><span class=\"wpcf7-form-control-wrap\" data-name=\"your-name\"><input size=\"40\" maxlength=\"400\" class=\"wpcf7-form-control wpcf7-text wpcf7-validates-as-required\" aria-required=\"true\" aria-invalid=\"false\" value=\"\" type=\"text\" name=\"your-name\" \/><\/span>\n<\/p>\n<p>E-MAIL ADRES\u0130N\u0130Z\n<\/p>\n<p><span class=\"wpcf7-form-control-wrap\" data-name=\"your-email\"><input size=\"40\" maxlength=\"400\" class=\"wpcf7-form-control wpcf7-email wpcf7-validates-as-required wpcf7-text wpcf7-validates-as-email\" aria-required=\"true\" aria-invalid=\"false\" value=\"\" type=\"email\" name=\"your-email\" \/><\/span>\n<\/p>\n<p>KONU\n<\/p>\n<p><span class=\"wpcf7-form-control-wrap\" data-name=\"your-subject\"><input size=\"40\" maxlength=\"400\" class=\"wpcf7-form-control wpcf7-text\" aria-invalid=\"false\" value=\"\" type=\"text\" name=\"your-subject\" \/><\/span>\n<\/p>\n<p>MESAJINIZ\n<\/p>\n<p><span class=\"wpcf7-form-control-wrap\" data-name=\"your-message\"><textarea cols=\"100\" rows=\"4\" maxlength=\"2000\" class=\"wpcf7-form-control wpcf7-textarea\" aria-invalid=\"false\" name=\"your-message\"><\/textarea><\/span>\n<\/p>\n<p><span class=\"wpcf7-form-control-wrap\" data-name=\"math-quiz\"><label><span class=\"wpcf7-quiz-label\">10+4=?<\/span> <input size=\"40\" class=\"wpcf7-form-control wpcf7-quiz\" autocomplete=\"off\" aria-required=\"true\" aria-invalid=\"false\" type=\"text\" name=\"math-quiz\" \/><\/label><input type=\"hidden\" name=\"_wpcf7_quiz_answer_math-quiz\" value=\"57d72d4c5d1e2f0b4500e92b5e1f8681\" \/><\/span>\n<\/p>\n<p><input class=\"wpcf7-form-control wpcf7-submit has-spinner\" type=\"submit\" value=\"G\u00f6nder\" \/>\n<\/p><div class=\"wpcf7-response-output\" aria-hidden=\"true\"><\/div>\n<\/form>\n<\/div>\n","protected":false},"excerpt":{"rendered":"<p>T\u00fcrkiye genelinde, Serbest T\u00fcketici limitini a\u015fm\u0131\u015f y\u0131ll\u0131k t\u00fcketimi en az 2.400 kW olan t\u00fcketicilere indirimli elektrik sat\u0131\u015f\u0131n\u0131n ger\u00e7ekle\u015ftirilebilmesi i\u00e7in il baz\u0131nda ya da b\u00f6lgesel bayilikler verilecektir. Potansiyel m\u00fc\u015fteri hedefleri aras\u0131nda Ticarethane, Sanayi, Mesken gibi her t\u00fcrl\u00fc abone grubu bulunmaktad\u0131r. Bayilerimizden beklentilerimiz; B\u00f6lgesel sat\u0131\u015f alanlar\u0131 i\u00e7inde m\u00fc\u015fteri \u00e7al\u0131\u015fmas\u0131 yaparak aktif bir \u015fekilde sahada g\u00f6rev almas\u0131, M\u00fc\u015fterilerle&hellip;&nbsp;<a href=\"https:\/\/www.aksgrup.com.tr\/index.php\/bayimiz-olun\/\" class=\"\" rel=\"bookmark\">Daha fazlas\u0131n\u0131 oku &raquo;<span class=\"screen-reader-text\">Bayimiz Olun<\/span><\/a><\/p>\n","protected":false},"author":1,"featured_media":0,"parent":0,"menu_order":0,"comment_status":"closed","ping_status":"closed","template":"","meta":{"neve_meta_sidebar":"","neve_meta_container":"","neve_meta_enable_content_width":"","neve_meta_content_width":0,"neve_meta_title_alignment":"","neve_meta_author_avatar":"","neve_post_elements_order":"","neve_meta_disable_header":"","neve_meta_disable_footer":"on","neve_meta_disable_title":"","footnotes":""},"class_list":["post-128","page","type-page","status-publish","hentry"],"_links":{"self":[{"href":"https:\/\/www.aksgrup.com.tr\/index.php\/wp-json\/wp\/v2\/pages\/128","targetHints":{"allow":["GET"]}}],"collection":[{"href":"https:\/\/www.aksgrup.com.tr\/index.php\/wp-json\/wp\/v2\/pages"}],"about":[{"href":"https:\/\/www.aksgrup.com.tr\/index.php\/wp-json\/wp\/v2\/types\/page"}],"author":[{"embeddable":true,"href":"https:\/\/www.aksgrup.com.tr\/index.php\/wp-json\/wp\/v2\/users\/1"}],"replies":[{"embeddable":true,"href":"https:\/\/www.aksgrup.com.tr\/index.php\/wp-json\/wp\/v2\/comments?post=128"}],"version-history":[{"count":4,"href":"https:\/\/www.aksgrup.com.tr\/index.php\/wp-json\/wp\/v2\/pages\/128\/revisions"}],"predecessor-version":[{"id":178,"href":"https:\/\/www.aksgrup.com.tr\/index.php\/wp-json\/wp\/v2\/pages\/128\/revisions\/178"}],"wp:attachment":[{"href":"https:\/\/www.aksgrup.com.tr\/index.php\/wp-json\/wp\/v2\/media?parent=128"}],"curies":[{"name":"wp","href":"https:\/\/api.w.org\/{rel}","templated":true}]}}