{"id":23,"date":"2022-10-06T09:53:50","date_gmt":"2022-10-06T06:53:50","guid":{"rendered":"https:\/\/www.aksgrup.com.tr\/?page_id=23"},"modified":"2022-10-06T16:08:35","modified_gmt":"2022-10-06T13:08:35","slug":"ana-sayfa","status":"publish","type":"page","link":"https:\/\/www.aksgrup.com.tr\/","title":{"rendered":"DAHA UCUZ ELEKTR\u0130K&#8230;"},"content":{"rendered":"\n<div class=\"wp-block-cover alignfull is-light\" style=\"min-height:550px;aspect-ratio:unset;\"><span aria-hidden=\"true\" class=\"wp-block-cover__background has-background-dim-0 has-background-dim\"><\/span><img loading=\"lazy\" decoding=\"async\" width=\"2061\" height=\"600\" class=\"wp-block-cover__image-background wp-image-79\" alt=\"\" src=\"https:\/\/www.aksgrup.com.tr\/wp-content\/uploads\/2022\/10\/main.jpg\" style=\"object-position:50% 64%\" data-object-fit=\"cover\" data-object-position=\"50% 64%\" srcset=\"https:\/\/www.aksgrup.com.tr\/wp-content\/uploads\/2022\/10\/main.jpg 2061w, https:\/\/www.aksgrup.com.tr\/wp-content\/uploads\/2022\/10\/main-300x87.jpg 300w, https:\/\/www.aksgrup.com.tr\/wp-content\/uploads\/2022\/10\/main-1024x298.jpg 1024w, https:\/\/www.aksgrup.com.tr\/wp-content\/uploads\/2022\/10\/main-768x224.jpg 768w, https:\/\/www.aksgrup.com.tr\/wp-content\/uploads\/2022\/10\/main-1536x447.jpg 1536w, https:\/\/www.aksgrup.com.tr\/wp-content\/uploads\/2022\/10\/main-2048x596.jpg 2048w\" sizes=\"auto, (max-width: 2061px) 100vw, 2061px\" \/><div class=\"wp-block-cover__inner-container is-layout-flow wp-block-cover-is-layout-flow\">\n<h1 class=\"has-text-align-center has-text-color wp-block-heading\" style=\"color:#121212\">T\u00fcrkiye&#8217;nin Her Yerindeyiz&#8230;<\/h1>\n\n\n\n<h3 class=\"has-text-align-center wp-block-heading\">TEDA\u015e\u2019\u0131n da\u011f\u0131t\u0131m sistemini kullanarak elektrik sat\u0131\u015f\u0131 yapt\u0131\u011f\u0131m\u0131z i\u00e7in<br>T\u00fcrkiye\u2019nin her yerinde elektrik sat\u0131\u015f\u0131 yapabiliyoruz.<\/h3>\n\n\n\n<p class=\"has-text-align-center has-text-color\" style=\"color:#121212;font-size:17px\">Elektrik T\u00fcketiminiz 85\u20ba \u00dczerindeyse \u0130ND\u0130R\u0130ML\u0130 Elektrik Kullanmaya Ba\u015flayabilirsiniz.<\/p>\n\n\n\n<div class=\"wp-block-buttons is-content-justification-center is-layout-flex wp-container-core-buttons-is-layout-16018d1d wp-block-buttons-is-layout-flex\">\n<div class=\"wp-block-button is-style-primary\"><a class=\"wp-block-button__link\" href=\"https:\/\/www.aksgrup.com.tr\/index.php\/merak-ettikleriniz\/\">MERAK ETT\u0130KLER\u0130N\u0130Z<\/a><\/div>\n\n\n\n<div class=\"wp-block-button is-style-secondary\"><a class=\"wp-block-button__link\" href=\"https:\/\/www.aksgrup.com.tr\/index.php\/contact\/\">B\u0130ZE ULA\u015eIN<\/a><\/div>\n<\/div>\n\n\n\n<p><\/p>\n<\/div><\/div>\n\n\n\n<p><\/p>\n\n\n\n<div class=\"wp-block-columns is-layout-flex wp-container-core-columns-is-layout-9d6595d7 wp-block-columns-is-layout-flex\">\n<div class=\"wp-block-column is-layout-flow wp-block-column-is-layout-flow\"><div class=\"wp-block-image icon-style is-style-default\">\n<figure class=\"aligncenter is-resized\"><img loading=\"lazy\" decoding=\"async\" src=\"https:\/\/www.aksgrup.com.tr\/wp-content\/themes\/neve\/assets\/img\/starter-content\/icon-03.svg\" alt=\"\" width=\"48\" height=\"48\"\/><\/figure>\n<\/div>\n\n\n<h3 class=\"has-text-align-center has-neve-text-color-color has-text-color wp-block-heading\">Se\u00e7im Sizde<\/h3>\n\n\n\n<p class=\"has-text-align-center\">\u201cSerbest T\u00fcketici\u2019\u2019 stat\u00fcs\u00fcndeki kurulu\u015flar daha uygun fiyata elektrik elde edebilmek i\u00e7in, tedarik\u00e7ilerini kendileri se\u00e7erek, mevcut faturalar\u0131ndan indirim kazan\u0131rlar.<\/p>\n\n\n\n<div style=\"height:20px\" aria-hidden=\"true\" class=\"wp-block-spacer\"><\/div>\n<\/div>\n\n\n\n<div class=\"wp-block-column is-layout-flow wp-block-column-is-layout-flow\"><div class=\"wp-block-image icon-style is-style-default\">\n<figure class=\"aligncenter is-resized\"><img loading=\"lazy\" decoding=\"async\" src=\"https:\/\/www.aksgrup.com.tr\/wp-content\/themes\/neve\/assets\/img\/starter-content\/icon-02.svg\" alt=\"\" width=\"48\" height=\"48\"\/><\/figure>\n<\/div>\n\n\n<h3 class=\"has-text-align-center has-neve-text-color-color has-text-color wp-block-heading\">Serbest T\u00fcketici<\/h3>\n\n\n\n<p class=\"has-text-align-center\">Serbest T\u00fcketici olmak i\u00e7in Enerji Piyasas\u0131 D\u00fczenleme Kurulu (EPDK) taraf\u0131nca belirlenen limitten daha fazla elektrik enerjisi t\u00fcketiyor olmak yeterlidir<\/p>\n\n\n\n<div style=\"height:20px\" aria-hidden=\"true\" class=\"wp-block-spacer\"><\/div>\n<\/div>\n\n\n\n<div class=\"wp-block-column is-layout-flow wp-block-column-is-layout-flow\"><div class=\"wp-block-image icon-style is-style-rounded\">\n<figure class=\"aligncenter is-resized\"><img loading=\"lazy\" decoding=\"async\" src=\"https:\/\/www.aksgrup.com.tr\/wp-content\/themes\/neve\/assets\/img\/starter-content\/icon-01.svg\" alt=\"\" width=\"48\" height=\"48\"\/><\/figure>\n<\/div>\n\n\n<h3 class=\"has-text-align-center has-neve-text-color-color has-text-color wp-block-heading\">Ucuz Elektrik<\/h3>\n\n\n\n<p class=\"has-text-align-center\">Elektrik t\u00fcketiminiz ayl\u0131k 85 TL\u2019n\u0131n \u00fczerindeyse Serbest T\u00fcketici Stat\u00fcs\u00fc indirimli elektrik kullanmaya ba\u015flayabilirsiniz.<\/p>\n\n\n\n<div style=\"height:20px\" aria-hidden=\"true\" class=\"wp-block-spacer\"><\/div>\n<\/div>\n<\/div>\n","protected":false},"excerpt":{"rendered":"<p>Se\u00e7im Sizde \u201cSerbest T\u00fcketici\u2019\u2019 stat\u00fcs\u00fcndeki kurulu\u015flar daha uygun fiyata elektrik elde edebilmek i\u00e7in, tedarik\u00e7ilerini kendileri se\u00e7erek, mevcut faturalar\u0131ndan indirim kazan\u0131rlar. Serbest T\u00fcketici Serbest T\u00fcketici olmak i\u00e7in Enerji Piyasas\u0131 D\u00fczenleme Kurulu (EPDK) taraf\u0131nca belirlenen limitten daha fazla elektrik enerjisi t\u00fcketiyor olmak yeterlidir Ucuz Elektrik Elektrik t\u00fcketiminiz ayl\u0131k 85 TL\u2019n\u0131n \u00fczerindeyse Serbest T\u00fcketici Stat\u00fcs\u00fc indirimli elektrik kullanmaya&hellip;&nbsp;<a href=\"https:\/\/www.aksgrup.com.tr\/\" class=\"\" rel=\"bookmark\">Daha fazlas\u0131n\u0131 oku &raquo;<span class=\"screen-reader-text\">DAHA UCUZ ELEKTR\u0130K&#8230;<\/span><\/a><\/p>\n","protected":false},"author":1,"featured_media":0,"parent":0,"menu_order":0,"comment_status":"closed","ping_status":"closed","template":"","meta":{"neve_meta_sidebar":"","neve_meta_container":"","neve_meta_enable_content_width":"on","neve_meta_content_width":100,"neve_meta_title_alignment":"","neve_meta_author_avatar":"","neve_post_elements_order":"","neve_meta_disable_header":"","neve_meta_disable_footer":"on","neve_meta_disable_title":"on","footnotes":""},"class_list":["post-23","page","type-page","status-publish","hentry"],"_links":{"self":[{"href":"https:\/\/www.aksgrup.com.tr\/index.php\/wp-json\/wp\/v2\/pages\/23","targetHints":{"allow":["GET"]}}],"collection":[{"href":"https:\/\/www.aksgrup.com.tr\/index.php\/wp-json\/wp\/v2\/pages"}],"about":[{"href":"https:\/\/www.aksgrup.com.tr\/index.php\/wp-json\/wp\/v2\/types\/page"}],"author":[{"embeddable":true,"href":"https:\/\/www.aksgrup.com.tr\/index.php\/wp-json\/wp\/v2\/users\/1"}],"replies":[{"embeddable":true,"href":"https:\/\/www.aksgrup.com.tr\/index.php\/wp-json\/wp\/v2\/comments?post=23"}],"version-history":[{"count":13,"href":"https:\/\/www.aksgrup.com.tr\/index.php\/wp-json\/wp\/v2\/pages\/23\/revisions"}],"predecessor-version":[{"id":177,"href":"https:\/\/www.aksgrup.com.tr\/index.php\/wp-json\/wp\/v2\/pages\/23\/revisions\/177"}],"wp:attachment":[{"href":"https:\/\/www.aksgrup.com.tr\/index.php\/wp-json\/wp\/v2\/media?parent=23"}],"curies":[{"name":"wp","href":"https:\/\/api.w.org\/{rel}","templated":true}]}}