{"id":24,"date":"2022-10-06T09:53:50","date_gmt":"2022-10-06T06:53:50","guid":{"rendered":"https:\/\/www.aksgrup.com.tr\/?page_id=24"},"modified":"2022-10-06T14:39:09","modified_gmt":"2022-10-06T11:39:09","slug":"hakkinda","status":"publish","type":"page","link":"https:\/\/www.aksgrup.com.tr\/index.php\/hakkinda\/","title":{"rendered":"Hakk\u0131m\u0131zda"},"content":{"rendered":"\n<div class=\"wp-block-cover alignfull\" style=\"min-height:600px;aspect-ratio:unset;\"><span aria-hidden=\"true\" class=\"wp-block-cover__background has-nv-light-bg-background-color has-background-dim-100 has-background-dim\"><\/span><div class=\"wp-block-cover__inner-container is-layout-flow wp-block-cover-is-layout-flow\">\n<div class=\"wp-block-group\"><div class=\"wp-block-group__inner-container is-layout-flow wp-block-group-is-layout-flow\">\n<div style=\"height:80px\" aria-hidden=\"true\" class=\"wp-block-spacer\"><\/div>\n\n\n\n<div class=\"wp-block-columns are-vertically-aligned-center is-layout-flex wp-container-core-columns-is-layout-9d6595d7 wp-block-columns-is-layout-flex\">\n<div class=\"wp-block-column is-vertically-aligned-center is-layout-flow wp-block-column-is-layout-flow\" style=\"flex-basis:50%\"><div class=\"wp-block-image size-large\">\n<figure class=\"aligncenter\"><img decoding=\"async\" src=\"https:\/\/www.aksgrup.com.tr\/wp-content\/themes\/neve\/assets\/img\/starter-content\/card-06.jpg\" alt=\"\"\/><\/figure>\n<\/div><\/div>\n\n\n\n<div class=\"wp-block-column is-vertically-aligned-center is-layout-flow wp-block-column-is-layout-flow\" style=\"flex-basis:50%\">\n<h2 class=\"has-neve-text-color-color has-text-color wp-block-heading\">Biz Kimiz?<\/h2>\n\n\n\n<p class=\"has-neve-link-color-color has-text-color\">SARGIN \u0130N\u015eAAT b\u00fcnyesinde hizmet veren AKS GRUP ELEKTR\u0130K ENERJ\u0130S\u0130 TOPTAN ALI\u015e VE SATI\u015e LTD. \u015eT\u0130., 3 Mart 2001 tarihinde y\u00fcr\u00fcrl\u00fc\u011fe giren 4628 say\u0131l\u0131 Enerji Piyasas\u0131 Kanunu kapsam\u0131nda, 29.07.2011 tarihinde Limited \u015eirket stat\u00fcs\u00fcnde kurularak faaliyete ba\u015flam\u0131\u015ft\u0131r.<\/p>\n\n\n\n<p class=\"has-neve-link-color-color has-text-color\">\u015eirketimiz, Enerji Piyasas\u0131 D\u00fczenleme Kurulu taraf\u0131ndan tahsis edilen ETS\/3474-1\/2109 numaral\u0131 26.10.2011 tarihli lisans\u0131 ile Piyasa Mali Uzla\u015ft\u0131rma Merkezi\u2019ne (Elektrik Piyasalar\u0131 \u0130\u015fletme Dairesi Ba\u015fkanl\u0131\u011f\u0131\u2019na) kay\u0131t olarak elektrik sat\u0131\u015f\u0131na ba\u015flam\u0131\u015ft\u0131r. T\u00fcm faaliyetlerimiz, Enerji Piyasas\u0131 D\u00fczenleme Kurulu taraf\u0131ndan denetlenmektedir.<\/p>\n\n\n\n<p class=\"has-neve-link-color-color has-text-color\">AKS GRUP \u2018Tercih Edilen Elektrik Tedarik\u00e7isi\u2019 olma vizyonu ile faaliyetlerini s\u00fcrd\u00fcrmektedir. Bu vizyona ula\u015fmada en b\u00fcy\u00fck itici g\u00fcc\u00fcn\u00fc, in\u015faat alan\u0131nda g\u00fcven ve kalitenin simgesi olan SARGIN \u0130N\u015eAAT isminden alan AKS GRUP, sistem ve s\u00fcre\u00e7lerini geli\u015ftirerek m\u00fc\u015fteri memnuniyetinin ve kaliteli hizmetinin devaml\u0131l\u0131\u011f\u0131n\u0131 sa\u011flamaktad\u0131r.<\/p>\n\n\n\n<p class=\"has-neve-link-color-color has-text-color\">AKS GRUP, konusunda uzman ekibi ile m\u00fc\u015fteri odakl\u0131 bir sat\u0131\u015f ve pazarlama faaliyeti ger\u00e7ekle\u015ftirmeyi hedeflemektedir.<\/p>\n<\/div>\n<\/div>\n\n\n\n<div style=\"height:40px\" aria-hidden=\"true\" class=\"wp-block-spacer\"><\/div>\n<\/div><\/div>\n<\/div><\/div>\n\n\n\n<div class=\"wp-block-cover\" style=\"min-height:224px;aspect-ratio:unset;\"><span aria-hidden=\"true\" class=\"wp-block-cover__background has-nv-site-bg-background-color has-background-dim-100 has-background-dim\"><\/span><div class=\"wp-block-cover__inner-container is-layout-flow wp-block-cover-is-layout-flow\">\n<div style=\"height:41px\" aria-hidden=\"true\" class=\"wp-block-spacer\"><\/div>\n\n\n\n<div class=\"wp-block-columns is-layout-flex wp-container-core-columns-is-layout-9d6595d7 wp-block-columns-is-layout-flex\">\n<div class=\"wp-block-column ticss-4ce656f1 is-layout-flow wp-block-column-is-layout-flow\">\n<figure class=\"wp-block-image is-resized icon-style is-style-rounded\"><img loading=\"lazy\" decoding=\"async\" src=\"https:\/\/www.aksgrup.com.tr\/wp-content\/themes\/neve\/assets\/img\/starter-content\/icon-03.svg\" alt=\"\" width=\"48\" height=\"48\"\/><\/figure>\n\n\n\n<h3 class=\"has-text-align-left has-text-align-center has-neve-text-color-color has-text-color wp-block-heading\">M\u00fc\u015fteri Memnuniyeti<\/h3>\n\n\n\n<p class=\"has-text-align-left has-neve-text-color-color has-text-color\" style=\"font-size:15px\"><\/p>\n\n\n\n<div style=\"height:20px\" aria-hidden=\"true\" class=\"wp-block-spacer\"><\/div>\n<\/div>\n\n\n\n<div class=\"wp-block-column ticss-f6fc7494 is-layout-flow wp-block-column-is-layout-flow\">\n<figure class=\"wp-block-image is-resized icon-style is-style-rounded\"><img loading=\"lazy\" decoding=\"async\" src=\"https:\/\/www.aksgrup.com.tr\/wp-content\/themes\/neve\/assets\/img\/starter-content\/icon-03.svg\" alt=\"\" width=\"48\" height=\"48\"\/><\/figure>\n\n\n\n<h3 class=\"has-text-align-left has-text-align-center has-neve-text-color-color has-text-color wp-block-heading\">Kaliteli Hizmet<\/h3>\n\n\n\n<p class=\"has-text-align-left has-neve-text-color-color has-text-color\" style=\"font-size:15px\"><\/p>\n\n\n\n<div style=\"height:20px\" aria-hidden=\"true\" class=\"wp-block-spacer\"><\/div>\n<\/div>\n\n\n\n<div class=\"wp-block-column ticss-a5b4df29 is-layout-flow wp-block-column-is-layout-flow\">\n<figure class=\"wp-block-image is-resized icon-style is-style-rounded\"><img loading=\"lazy\" decoding=\"async\" src=\"https:\/\/www.aksgrup.com.tr\/wp-content\/themes\/neve\/assets\/img\/starter-content\/icon-03.svg\" alt=\"\" width=\"48\" height=\"48\"\/><\/figure>\n\n\n\n<h3 class=\"has-text-align-left has-text-align-center has-neve-text-color-color has-text-color wp-block-heading\">En Ucuz Fiyat<\/h3>\n\n\n\n<p class=\"has-text-align-left has-neve-text-color-color has-text-color\" style=\"font-size:15px\"><\/p>\n\n\n\n<div style=\"height:20px\" aria-hidden=\"true\" class=\"wp-block-spacer\"><\/div>\n<\/div>\n<\/div>\n<\/div><\/div>\n\n\n\n<div class=\"wp-block-cover alignfull\" style=\"min-height:600px;aspect-ratio:unset;\"><span aria-hidden=\"true\" class=\"wp-block-cover__background has-background-dim-70 has-background-dim\" style=\"background-color:#487190\"><\/span><div class=\"wp-block-cover__inner-container is-layout-flow wp-block-cover-is-layout-flow\">\n<div class=\"wp-block-group\"><div class=\"wp-block-group__inner-container is-layout-flow wp-block-group-is-layout-flow\">\n<div class=\"wp-block-group\"><div class=\"wp-block-group__inner-container is-layout-flow wp-block-group-is-layout-flow\">\n<div class=\"wp-block-group\"><div class=\"wp-block-group__inner-container is-layout-flow wp-block-group-is-layout-flow\">\n<div class=\"wp-block-columns is-layout-flex wp-container-core-columns-is-layout-9d6595d7 wp-block-columns-is-layout-flex\">\n<div class=\"wp-block-column is-layout-flow wp-block-column-is-layout-flow\" style=\"flex-basis:33.33%\"><div class=\"wp-block-image\">\n<figure class=\"aligncenter size-full\"><img loading=\"lazy\" decoding=\"async\" width=\"846\" height=\"240\" src=\"https:\/\/www.aksgrup.com.tr\/wp-content\/uploads\/2022\/10\/SARGIN_Logo.jpg\" alt=\"\" class=\"wp-image-90\" srcset=\"https:\/\/www.aksgrup.com.tr\/wp-content\/uploads\/2022\/10\/SARGIN_Logo.jpg 846w, https:\/\/www.aksgrup.com.tr\/wp-content\/uploads\/2022\/10\/SARGIN_Logo-300x85.jpg 300w, https:\/\/www.aksgrup.com.tr\/wp-content\/uploads\/2022\/10\/SARGIN_Logo-768x218.jpg 768w\" sizes=\"auto, (max-width: 846px) 100vw, 846px\" \/><\/figure>\n<\/div><\/div>\n\n\n\n<div class=\"wp-block-column is-layout-flow wp-block-column-is-layout-flow\" style=\"flex-basis:66.66%\">\n<p>SARGIN \u0130N\u015eAAT VE MAK\u0130NE SANAY\u0130 T\u0130CARET A.\u015e. 1977 y\u0131l\u0131nda Do\u00e7. Dr. Muharrem Sarg\u0131n taraf\u0131ndan \u015fah\u0131s \u015firketi olarak SARGIN M\u00dcHEND\u0130SL\u0130K ad\u0131 alt\u0131nda kurulmu\u015ftur.<\/p>\n\n\n\n<p>Firma 1977 \u2013 1990 y\u0131llar\u0131 aras\u0131nda SARGIN M\u00dcHEND\u0130SL\u0130K ad\u0131 alt\u0131nda \u00e7ok \u00e7e\u015fitli alanlarda kamu ve \u00f6zel sekt\u00f6r kurulu\u015flar\u0131na m\u00fcteahhitlik ve dan\u0131\u015fmanl\u0131k hizmeti vermi\u015ftir.<\/p>\n\n\n\n<p>1990 y\u0131l\u0131nda ayn\u0131 alanlarda \u00e7al\u0131\u015fmak \u00fczere anonim \u015firkete d\u00f6n\u00fc\u015fen SARGIN \u0130N\u015eAAT, 1990\u2019l\u0131 y\u0131llar\u0131n ortas\u0131nda stratejik bir karar alarak bina, konut ve silo yap\u0131m\u0131n\u0131n yan\u0131 s\u0131ra \u00f6zellikle t\u00fcnel in\u015faat\u0131 konusunda uzmanla\u015fmaya ba\u015flam\u0131\u015ft\u0131r. G\u00fc\u00e7l\u00fc makine-ekipman deste\u011fi ve kaliteli i\u015fg\u00fcc\u00fc ile yurti\u00e7inde ve yurtd\u0131\u015f\u0131nda \u00f6nemli i\u015f deneyimlerine sahip olan SARGIN \u0130N\u015eAAT, \u0130n\u015faat Y\u00fcksek M\u00fchendisi H\u00fcseyin Sait Sarg\u0131n\u2019\u0131n da kat\u0131l\u0131m\u0131yla sermaye \u015firketine d\u00f6n\u00fc\u015fm\u00fc\u015f ve sermayesi 2010 y\u0131l\u0131nda 10.000.000 (on milyon) TL seviyesine \u00e7\u0131kart\u0131lm\u0131\u015ft\u0131r.<\/p>\n\n\n\n<p>\u015eirketin Y\u00f6netim Kurulu Ba\u015fkanl\u0131\u011f\u0131n\u0131 Do\u00e7. Dr. Muharrem Sarg\u0131n, Genel M\u00fcd\u00fcrl\u00fck g\u00f6revini ise \u0130n\u015f. Y\u00fck. M\u00fch. H\u00fcseyin Sait Sarg\u0131n y\u00fcr\u00fctmektedir.<\/p>\n<\/div>\n<\/div>\n<\/div><\/div>\n<\/div><\/div>\n<\/div><\/div>\n<\/div><\/div>\n\n\n\n<div class=\"wp-block-cover alignfull\" style=\"min-height:801px;aspect-ratio:unset;\"><span aria-hidden=\"true\" class=\"wp-block-cover__background has-nv-light-bg-background-color has-background-dim-100 has-background-dim\"><\/span><div class=\"wp-block-cover__inner-container is-layout-flow wp-block-cover-is-layout-flow\">\n<div class=\"wp-block-group\"><div class=\"wp-block-group__inner-container is-layout-flow wp-block-group-is-layout-flow\">\n<div class=\"wp-block-columns is-layout-flex wp-container-core-columns-is-layout-9d6595d7 wp-block-columns-is-layout-flex\">\n<div class=\"wp-block-column is-layout-flow wp-block-column-is-layout-flow\"><div class=\"wp-block-image is-style-default\">\n<figure class=\"aligncenter size-full\"><img loading=\"lazy\" decoding=\"async\" width=\"355\" height=\"500\" src=\"https:\/\/www.aksgrup.com.tr\/wp-content\/uploads\/2022\/10\/HSS1.jpg\" alt=\"\" class=\"wp-image-95\" srcset=\"https:\/\/www.aksgrup.com.tr\/wp-content\/uploads\/2022\/10\/HSS1.jpg 355w, https:\/\/www.aksgrup.com.tr\/wp-content\/uploads\/2022\/10\/HSS1-213x300.jpg 213w\" sizes=\"auto, (max-width: 355px) 100vw, 355px\" \/><\/figure>\n<\/div>\n\n\n<h3 class=\"has-text-align-center has-neve-text-color-color has-text-color wp-block-heading\">H\u00fcseyin Sait SARGIN<\/h3>\n\n\n\n<p class=\"has-text-align-center has-neve-text-color-color has-text-color\">\u015eirket Sahibi \/ Genel M\u00fcd\u00fcr<\/p>\n\n\n\n<ul class=\"wp-block-social-links aligncenter is-layout-flex wp-block-social-links-is-layout-flex\"><li class=\"wp-social-link wp-social-link-facebook  wp-block-social-link\"><a href=\"#\" class=\"wp-block-social-link-anchor\"><svg width=\"24\" height=\"24\" viewBox=\"0 0 24 24\" version=\"1.1\" xmlns=\"http:\/\/www.w3.org\/2000\/svg\" aria-hidden=\"true\" focusable=\"false\"><path d=\"M12 2C6.5 2 2 6.5 2 12c0 5 3.7 9.1 8.4 9.9v-7H7.9V12h2.5V9.8c0-2.5 1.5-3.9 3.8-3.9 1.1 0 2.2.2 2.2.2v2.5h-1.3c-1.2 0-1.6.8-1.6 1.6V12h2.8l-.4 2.9h-2.3v7C18.3 21.1 22 17 22 12c0-5.5-4.5-10-10-10z\"><\/path><\/svg><span class=\"wp-block-social-link-label screen-reader-text\">Facebook<\/span><\/a><\/li>\n\n<li class=\"wp-social-link wp-social-link-twitter  wp-block-social-link\"><a href=\"#\" class=\"wp-block-social-link-anchor\"><svg width=\"24\" height=\"24\" viewBox=\"0 0 24 24\" version=\"1.1\" xmlns=\"http:\/\/www.w3.org\/2000\/svg\" aria-hidden=\"true\" focusable=\"false\"><path d=\"M22.23,5.924c-0.736,0.326-1.527,0.547-2.357,0.646c0.847-0.508,1.498-1.312,1.804-2.27 c-0.793,0.47-1.671,0.812-2.606,0.996C18.324,4.498,17.257,4,16.077,4c-2.266,0-4.103,1.837-4.103,4.103 c0,0.322,0.036,0.635,0.106,0.935C8.67,8.867,5.647,7.234,3.623,4.751C3.27,5.357,3.067,6.062,3.067,6.814 c0,1.424,0.724,2.679,1.825,3.415c-0.673-0.021-1.305-0.206-1.859-0.513c0,0.017,0,0.034,0,0.052c0,1.988,1.414,3.647,3.292,4.023 c-0.344,0.094-0.707,0.144-1.081,0.144c-0.264,0-0.521-0.026-0.772-0.074c0.522,1.63,2.038,2.816,3.833,2.85 c-1.404,1.1-3.174,1.756-5.096,1.756c-0.331,0-0.658-0.019-0.979-0.057c1.816,1.164,3.973,1.843,6.29,1.843 c7.547,0,11.675-6.252,11.675-11.675c0-0.178-0.004-0.355-0.012-0.531C20.985,7.47,21.68,6.747,22.23,5.924z\"><\/path><\/svg><span class=\"wp-block-social-link-label screen-reader-text\">Twitter<\/span><\/a><\/li>\n\n<li class=\"wp-social-link wp-social-link-linkedin  wp-block-social-link\"><a href=\"#\" class=\"wp-block-social-link-anchor\"><svg width=\"24\" height=\"24\" viewBox=\"0 0 24 24\" version=\"1.1\" xmlns=\"http:\/\/www.w3.org\/2000\/svg\" aria-hidden=\"true\" focusable=\"false\"><path d=\"M19.7,3H4.3C3.582,3,3,3.582,3,4.3v15.4C3,20.418,3.582,21,4.3,21h15.4c0.718,0,1.3-0.582,1.3-1.3V4.3 C21,3.582,20.418,3,19.7,3z M8.339,18.338H5.667v-8.59h2.672V18.338z M7.004,8.574c-0.857,0-1.549-0.694-1.549-1.548 c0-0.855,0.691-1.548,1.549-1.548c0.854,0,1.547,0.694,1.547,1.548C8.551,7.881,7.858,8.574,7.004,8.574z M18.339,18.338h-2.669 v-4.177c0-0.996-0.017-2.278-1.387-2.278c-1.389,0-1.601,1.086-1.601,2.206v4.249h-2.667v-8.59h2.559v1.174h0.037 c0.356-0.675,1.227-1.387,2.526-1.387c2.703,0,3.203,1.779,3.203,4.092V18.338z\"><\/path><\/svg><span class=\"wp-block-social-link-label screen-reader-text\">LinkedIn<\/span><\/a><\/li><\/ul>\n\n\n\n<div style=\"height:40px\" aria-hidden=\"true\" class=\"wp-block-spacer\"><\/div>\n<\/div>\n<\/div>\n<\/div><\/div>\n<\/div><\/div>\n","protected":false},"excerpt":{"rendered":"","protected":false},"author":1,"featured_media":0,"parent":0,"menu_order":0,"comment_status":"closed","ping_status":"closed","template":"","meta":{"neve_meta_sidebar":"","neve_meta_container":"","neve_meta_enable_content_width":"on","neve_meta_content_width":100,"neve_meta_title_alignment":"","neve_meta_author_avatar":"","neve_post_elements_order":"","neve_meta_disable_header":"","neve_meta_disable_footer":"on","neve_meta_disable_title":"on","footnotes":""},"class_list":["post-24","page","type-page","status-publish","hentry"],"_links":{"self":[{"href":"https:\/\/www.aksgrup.com.tr\/index.php\/wp-json\/wp\/v2\/pages\/24","targetHints":{"allow":["GET"]}}],"collection":[{"href":"https:\/\/www.aksgrup.com.tr\/index.php\/wp-json\/wp\/v2\/pages"}],"about":[{"href":"https:\/\/www.aksgrup.com.tr\/index.php\/wp-json\/wp\/v2\/types\/page"}],"author":[{"embeddable":true,"href":"https:\/\/www.aksgrup.com.tr\/index.php\/wp-json\/wp\/v2\/users\/1"}],"replies":[{"embeddable":true,"href":"https:\/\/www.aksgrup.com.tr\/index.php\/wp-json\/wp\/v2\/comments?post=24"}],"version-history":[{"count":5,"href":"https:\/\/www.aksgrup.com.tr\/index.php\/wp-json\/wp\/v2\/pages\/24\/revisions"}],"predecessor-version":[{"id":134,"href":"https:\/\/www.aksgrup.com.tr\/index.php\/wp-json\/wp\/v2\/pages\/24\/revisions\/134"}],"wp:attachment":[{"href":"https:\/\/www.aksgrup.com.tr\/index.php\/wp-json\/wp\/v2\/media?parent=24"}],"curies":[{"name":"wp","href":"https:\/\/api.w.org\/{rel}","templated":true}]}}